{"id":2244,"date":"2020-10-26T15:07:35","date_gmt":"2020-10-26T15:07:35","guid":{"rendered":"https:\/\/buzzperformance.com\/gym\/"},"modified":"2025-11-28T17:11:21","modified_gmt":"2025-11-28T17:11:21","slug":"interieur-de-notre-gym-morzine","status":"publish","type":"page","link":"https:\/\/buzzperformance.com\/fr\/interieur-de-notre-gym-morzine\/","title":{"rendered":"L&#8217;int\u00e9rieur de notre Gym Morzine"},"content":{"rendered":"<h2 style=\"text-align: center;\">Un excellent GYM \u00e0 Morzine pour le sport et le fitness.<\/h2>\n<blockquote>\n<h4 style=\"text-align: center;\"><a href=\"https:\/\/www.google.com\/search?q=buzz+performance&amp;oq=buzz+performance&amp;aqs=chrome..69i57j46i175i199j0j0i22i30j69i61l2j69i60j69i65.3637j0j7&amp;sourceid=chrome&amp;ie=UTF-8#lrd=0x478c1d0e8ed69f63:0x99a94caa494a1d6f,1,,,\">Lisez nos commentaires sur Google pour voir ce que les autres ont \u00e0 dire !<\/a><\/h4>\n<\/blockquote>\n<h2 style=\"text-align: center;\"><\/h2>\n","protected":false},"excerpt":{"rendered":"Un excellent GYM \u00e0 Morzine pour le sport et le fitness. Lisez nos commentaires sur Google pour voir ce que les autres ont \u00e0 dire !","protected":false},"author":1,"featured_media":2177,"parent":0,"menu_order":0,"comment_status":"closed","ping_status":"closed","template":"","meta":{"footnotes":""},"class_list":["post-2244","page","type-page","status-publish","has-post-thumbnail","hentry"],"yoast_head":"<!-- This site is optimized with the Yoast SEO plugin v24.0 - https:\/\/yoast.com\/wordpress\/plugins\/seo\/ -->\n<title>Meilleure salle de sport \u00e0 Morzine - Buzz Performance - Sports &amp; Fitness<\/title>\n<meta name=\"description\" content=\"Notre salle de sport \u00e0 Morzine est moderne, spacieuse et dot\u00e9e d&#039;\u00e9quipements de qualit\u00e9 sup\u00e9rieure. Faites de l&#039;exercice en solo, en groupe ou avec un entra\u00eeneur personnel.\" \/>\n<meta name=\"robots\" content=\"index, follow, max-snippet:-1, max-image-preview:large, max-video-preview:-1\" \/>\n<link rel=\"canonical\" href=\"https:\/\/buzzperformance.com\/fr\/interieur-de-notre-gym-morzine\/\" \/>\n<meta property=\"og:locale\" content=\"fr_FR\" \/>\n<meta property=\"og:type\" content=\"article\" \/>\n<meta property=\"og:title\" content=\"Meilleure salle de sport \u00e0 Morzine - Buzz Performance - Sports &amp; Fitness\" \/>\n<meta property=\"og:description\" content=\"Notre salle de sport \u00e0 Morzine est moderne, spacieuse et dot\u00e9e d&#039;\u00e9quipements de qualit\u00e9 sup\u00e9rieure. Faites de l&#039;exercice en solo, en groupe ou avec un entra\u00eeneur personnel.\" \/>\n<meta property=\"og:url\" content=\"https:\/\/buzzperformance.com\/fr\/interieur-de-notre-gym-morzine\/\" \/>\n<meta property=\"og:site_name\" content=\"Buzz Performance\" \/>\n<meta property=\"article:modified_time\" content=\"2025-11-28T17:11:21+00:00\" \/>\n<meta property=\"og:image\" content=\"https:\/\/buzzperformance.com\/wp-content\/uploads\/2021\/04\/CE95E7EA-F21E-4D61-BE38-41351FD7C13E_1_201_a-scaled.jpeg\" \/>\n\t<meta property=\"og:image:width\" content=\"2048\" \/>\n\t<meta property=\"og:image:height\" content=\"1536\" \/>\n\t<meta property=\"og:image:type\" content=\"image\/jpeg\" \/>\n<meta name=\"twitter:card\" content=\"summary_large_image\" \/>\n<script type=\"application\/ld+json\" class=\"yoast-schema-graph\">{\"@context\":\"https:\/\/schema.org\",\"@graph\":[{\"@type\":\"WebPage\",\"@id\":\"https:\/\/buzzperformance.com\/fr\/interieur-de-notre-gym-morzine\/\",\"url\":\"https:\/\/buzzperformance.com\/fr\/interieur-de-notre-gym-morzine\/\",\"name\":\"Meilleure salle de sport \u00e0 Morzine - Buzz Performance - Sports & Fitness\",\"isPartOf\":{\"@id\":\"https:\/\/buzzperformance.com\/fr\/#website\"},\"primaryImageOfPage\":{\"@id\":\"https:\/\/buzzperformance.com\/fr\/interieur-de-notre-gym-morzine\/#primaryimage\"},\"image\":{\"@id\":\"https:\/\/buzzperformance.com\/fr\/interieur-de-notre-gym-morzine\/#primaryimage\"},\"thumbnailUrl\":\"https:\/\/buzzperformance.com\/wp-content\/uploads\/2021\/04\/CE95E7EA-F21E-4D61-BE38-41351FD7C13E_1_201_a-scaled.jpeg\",\"datePublished\":\"2020-10-26T15:07:35+00:00\",\"dateModified\":\"2025-11-28T17:11:21+00:00\",\"description\":\"Notre salle de sport \u00e0 Morzine est moderne, spacieuse et dot\u00e9e d'\u00e9quipements de qualit\u00e9 sup\u00e9rieure. Faites de l'exercice en solo, en groupe ou avec un entra\u00eeneur personnel.\",\"breadcrumb\":{\"@id\":\"https:\/\/buzzperformance.com\/fr\/interieur-de-notre-gym-morzine\/#breadcrumb\"},\"inLanguage\":\"fr-FR\",\"potentialAction\":[{\"@type\":\"ReadAction\",\"target\":[\"https:\/\/buzzperformance.com\/fr\/interieur-de-notre-gym-morzine\/\"]}]},{\"@type\":\"ImageObject\",\"inLanguage\":\"fr-FR\",\"@id\":\"https:\/\/buzzperformance.com\/fr\/interieur-de-notre-gym-morzine\/#primaryimage\",\"url\":\"https:\/\/buzzperformance.com\/wp-content\/uploads\/2021\/04\/CE95E7EA-F21E-4D61-BE38-41351FD7C13E_1_201_a-scaled.jpeg\",\"contentUrl\":\"https:\/\/buzzperformance.com\/wp-content\/uploads\/2021\/04\/CE95E7EA-F21E-4D61-BE38-41351FD7C13E_1_201_a-scaled.jpeg\",\"width\":2048,\"height\":1536},{\"@type\":\"BreadcrumbList\",\"@id\":\"https:\/\/buzzperformance.com\/fr\/interieur-de-notre-gym-morzine\/#breadcrumb\",\"itemListElement\":[{\"@type\":\"ListItem\",\"position\":1,\"name\":\"Home\",\"item\":\"https:\/\/buzzperformance.com\/fr\/triathlon-fitness-et-entrainement-cycliste-dans-les-alpes-francaises\/\"},{\"@type\":\"ListItem\",\"position\":2,\"name\":\"L&#8217;int\u00e9rieur de notre Gym Morzine\"}]},{\"@type\":\"WebSite\",\"@id\":\"https:\/\/buzzperformance.com\/fr\/#website\",\"url\":\"https:\/\/buzzperformance.com\/fr\/\",\"name\":\"Buzz Performance\",\"description\":\"\",\"potentialAction\":[{\"@type\":\"SearchAction\",\"target\":{\"@type\":\"EntryPoint\",\"urlTemplate\":\"https:\/\/buzzperformance.com\/fr\/?s={search_term_string}\"},\"query-input\":{\"@type\":\"PropertyValueSpecification\",\"valueRequired\":true,\"valueName\":\"search_term_string\"}}],\"inLanguage\":\"fr-FR\"}]}<\/script>\n<!-- \/ Yoast SEO plugin. -->","yoast_head_json":{"title":"Meilleure salle de sport \u00e0 Morzine - Buzz Performance - Sports & Fitness","description":"Notre salle de sport \u00e0 Morzine est moderne, spacieuse et dot\u00e9e d'\u00e9quipements de qualit\u00e9 sup\u00e9rieure. Faites de l'exercice en solo, en groupe ou avec un entra\u00eeneur personnel.","robots":{"index":"index","follow":"follow","max-snippet":"max-snippet:-1","max-image-preview":"max-image-preview:large","max-video-preview":"max-video-preview:-1"},"canonical":"https:\/\/buzzperformance.com\/fr\/interieur-de-notre-gym-morzine\/","og_locale":"fr_FR","og_type":"article","og_title":"Meilleure salle de sport \u00e0 Morzine - Buzz Performance - Sports & Fitness","og_description":"Notre salle de sport \u00e0 Morzine est moderne, spacieuse et dot\u00e9e d'\u00e9quipements de qualit\u00e9 sup\u00e9rieure. Faites de l'exercice en solo, en groupe ou avec un entra\u00eeneur personnel.","og_url":"https:\/\/buzzperformance.com\/fr\/interieur-de-notre-gym-morzine\/","og_site_name":"Buzz Performance","article_modified_time":"2025-11-28T17:11:21+00:00","og_image":[{"width":2048,"height":1536,"url":"https:\/\/buzzperformance.com\/wp-content\/uploads\/2021\/04\/CE95E7EA-F21E-4D61-BE38-41351FD7C13E_1_201_a-scaled.jpeg","type":"image\/jpeg"}],"twitter_card":"summary_large_image","schema":{"@context":"https:\/\/schema.org","@graph":[{"@type":"WebPage","@id":"https:\/\/buzzperformance.com\/fr\/interieur-de-notre-gym-morzine\/","url":"https:\/\/buzzperformance.com\/fr\/interieur-de-notre-gym-morzine\/","name":"Meilleure salle de sport \u00e0 Morzine - Buzz Performance - Sports & Fitness","isPartOf":{"@id":"https:\/\/buzzperformance.com\/fr\/#website"},"primaryImageOfPage":{"@id":"https:\/\/buzzperformance.com\/fr\/interieur-de-notre-gym-morzine\/#primaryimage"},"image":{"@id":"https:\/\/buzzperformance.com\/fr\/interieur-de-notre-gym-morzine\/#primaryimage"},"thumbnailUrl":"https:\/\/buzzperformance.com\/wp-content\/uploads\/2021\/04\/CE95E7EA-F21E-4D61-BE38-41351FD7C13E_1_201_a-scaled.jpeg","datePublished":"2020-10-26T15:07:35+00:00","dateModified":"2025-11-28T17:11:21+00:00","description":"Notre salle de sport \u00e0 Morzine est moderne, spacieuse et dot\u00e9e d'\u00e9quipements de qualit\u00e9 sup\u00e9rieure. Faites de l'exercice en solo, en groupe ou avec un entra\u00eeneur personnel.","breadcrumb":{"@id":"https:\/\/buzzperformance.com\/fr\/interieur-de-notre-gym-morzine\/#breadcrumb"},"inLanguage":"fr-FR","potentialAction":[{"@type":"ReadAction","target":["https:\/\/buzzperformance.com\/fr\/interieur-de-notre-gym-morzine\/"]}]},{"@type":"ImageObject","inLanguage":"fr-FR","@id":"https:\/\/buzzperformance.com\/fr\/interieur-de-notre-gym-morzine\/#primaryimage","url":"https:\/\/buzzperformance.com\/wp-content\/uploads\/2021\/04\/CE95E7EA-F21E-4D61-BE38-41351FD7C13E_1_201_a-scaled.jpeg","contentUrl":"https:\/\/buzzperformance.com\/wp-content\/uploads\/2021\/04\/CE95E7EA-F21E-4D61-BE38-41351FD7C13E_1_201_a-scaled.jpeg","width":2048,"height":1536},{"@type":"BreadcrumbList","@id":"https:\/\/buzzperformance.com\/fr\/interieur-de-notre-gym-morzine\/#breadcrumb","itemListElement":[{"@type":"ListItem","position":1,"name":"Home","item":"https:\/\/buzzperformance.com\/fr\/triathlon-fitness-et-entrainement-cycliste-dans-les-alpes-francaises\/"},{"@type":"ListItem","position":2,"name":"L&#8217;int\u00e9rieur de notre Gym Morzine"}]},{"@type":"WebSite","@id":"https:\/\/buzzperformance.com\/fr\/#website","url":"https:\/\/buzzperformance.com\/fr\/","name":"Buzz Performance","description":"","potentialAction":[{"@type":"SearchAction","target":{"@type":"EntryPoint","urlTemplate":"https:\/\/buzzperformance.com\/fr\/?s={search_term_string}"},"query-input":{"@type":"PropertyValueSpecification","valueRequired":true,"valueName":"search_term_string"}}],"inLanguage":"fr-FR"}]}},"_links":{"self":[{"href":"https:\/\/buzzperformance.com\/fr\/wp-json\/wp\/v2\/pages\/2244","targetHints":{"allow":["GET"]}}],"collection":[{"href":"https:\/\/buzzperformance.com\/fr\/wp-json\/wp\/v2\/pages"}],"about":[{"href":"https:\/\/buzzperformance.com\/fr\/wp-json\/wp\/v2\/types\/page"}],"author":[{"embeddable":true,"href":"https:\/\/buzzperformance.com\/fr\/wp-json\/wp\/v2\/users\/1"}],"replies":[{"embeddable":true,"href":"https:\/\/buzzperformance.com\/fr\/wp-json\/wp\/v2\/comments?post=2244"}],"version-history":[{"count":3,"href":"https:\/\/buzzperformance.com\/fr\/wp-json\/wp\/v2\/pages\/2244\/revisions"}],"predecessor-version":[{"id":2986,"href":"https:\/\/buzzperformance.com\/fr\/wp-json\/wp\/v2\/pages\/2244\/revisions\/2986"}],"wp:featuredmedia":[{"embeddable":true,"href":"https:\/\/buzzperformance.com\/fr\/wp-json\/wp\/v2\/media\/2177"}],"wp:attachment":[{"href":"https:\/\/buzzperformance.com\/fr\/wp-json\/wp\/v2\/media?parent=2244"}],"curies":[{"name":"wp","href":"https:\/\/api.w.org\/{rel}","templated":true}]}}