{"id":2258,"date":"2020-11-18T13:47:41","date_gmt":"2020-11-18T13:47:41","guid":{"rendered":"https:\/\/buzzperformance.com\/tours-a-velo\/"},"modified":"2022-08-05T13:21:20","modified_gmt":"2022-08-05T12:21:20","slug":"tours-a-velo","status":"publish","type":"page","link":"https:\/\/buzzperformance.com\/fr\/tours-a-velo\/","title":{"rendered":"Tours \u00e0 v\u00e9lo"},"content":{"rendered":"","protected":false},"excerpt":{"rendered":"","protected":false},"author":1,"featured_media":1874,"parent":0,"menu_order":0,"comment_status":"closed","ping_status":"closed","template":"templates\/template-tours-trips.php","meta":{"footnotes":""},"class_list":["post-2258","page","type-page","status-publish","has-post-thumbnail","hentry"],"yoast_head":"<!-- This site is optimized with the Yoast SEO plugin v24.0 - https:\/\/yoast.com\/wordpress\/plugins\/seo\/ -->\n<title>Tours \u00e0 v\u00e9lo - Buzz Performance<\/title>\n<meta name=\"description\" content=\"Nos circuits \u00e0 v\u00e9lo sont un excellent moyen pour vous d&#039;explorer de nouveaux endroits tout en faisant ce que vous aimez le plus, faire du v\u00e9lo.\" \/>\n<meta name=\"robots\" content=\"index, follow, max-snippet:-1, max-image-preview:large, max-video-preview:-1\" \/>\n<link rel=\"canonical\" href=\"https:\/\/buzzperformance.com\/fr\/tours-a-velo\/\" \/>\n<meta property=\"og:locale\" content=\"fr_FR\" \/>\n<meta property=\"og:type\" content=\"article\" \/>\n<meta property=\"og:title\" content=\"Tours \u00e0 v\u00e9lo - Buzz Performance\" \/>\n<meta property=\"og:description\" content=\"Nos circuits \u00e0 v\u00e9lo sont un excellent moyen pour vous d&#039;explorer de nouveaux endroits tout en faisant ce que vous aimez le plus, faire du v\u00e9lo.\" \/>\n<meta property=\"og:url\" content=\"https:\/\/buzzperformance.com\/fr\/tours-a-velo\/\" \/>\n<meta property=\"og:site_name\" content=\"Buzz Performance\" \/>\n<meta property=\"article:modified_time\" content=\"2022-08-05T12:21:20+00:00\" \/>\n<meta property=\"og:image\" content=\"https:\/\/buzzperformance.com\/wp-content\/uploads\/2021\/02\/Buzz-Mallorca-bike-with-views.jpg\" \/>\n\t<meta property=\"og:image:width\" content=\"1900\" \/>\n\t<meta property=\"og:image:height\" content=\"1269\" \/>\n\t<meta property=\"og:image:type\" content=\"image\/jpeg\" \/>\n<meta name=\"twitter:card\" content=\"summary_large_image\" \/>\n<script type=\"application\/ld+json\" class=\"yoast-schema-graph\">{\"@context\":\"https:\/\/schema.org\",\"@graph\":[{\"@type\":\"WebPage\",\"@id\":\"https:\/\/buzzperformance.com\/fr\/tours-a-velo\/\",\"url\":\"https:\/\/buzzperformance.com\/fr\/tours-a-velo\/\",\"name\":\"Tours \u00e0 v\u00e9lo - Buzz Performance\",\"isPartOf\":{\"@id\":\"https:\/\/buzzperformance.com\/fr\/#website\"},\"primaryImageOfPage\":{\"@id\":\"https:\/\/buzzperformance.com\/fr\/tours-a-velo\/#primaryimage\"},\"image\":{\"@id\":\"https:\/\/buzzperformance.com\/fr\/tours-a-velo\/#primaryimage\"},\"thumbnailUrl\":\"https:\/\/buzzperformance.com\/wp-content\/uploads\/2021\/02\/Buzz-Mallorca-bike-with-views.jpg\",\"datePublished\":\"2020-11-18T13:47:41+00:00\",\"dateModified\":\"2022-08-05T12:21:20+00:00\",\"description\":\"Nos circuits \u00e0 v\u00e9lo sont un excellent moyen pour vous d'explorer de nouveaux endroits tout en faisant ce que vous aimez le plus, faire du v\u00e9lo.\",\"breadcrumb\":{\"@id\":\"https:\/\/buzzperformance.com\/fr\/tours-a-velo\/#breadcrumb\"},\"inLanguage\":\"fr-FR\",\"potentialAction\":[{\"@type\":\"ReadAction\",\"target\":[\"https:\/\/buzzperformance.com\/fr\/tours-a-velo\/\"]}]},{\"@type\":\"ImageObject\",\"inLanguage\":\"fr-FR\",\"@id\":\"https:\/\/buzzperformance.com\/fr\/tours-a-velo\/#primaryimage\",\"url\":\"https:\/\/buzzperformance.com\/wp-content\/uploads\/2021\/02\/Buzz-Mallorca-bike-with-views.jpg\",\"contentUrl\":\"https:\/\/buzzperformance.com\/wp-content\/uploads\/2021\/02\/Buzz-Mallorca-bike-with-views.jpg\",\"width\":1900,\"height\":1269},{\"@type\":\"BreadcrumbList\",\"@id\":\"https:\/\/buzzperformance.com\/fr\/tours-a-velo\/#breadcrumb\",\"itemListElement\":[{\"@type\":\"ListItem\",\"position\":1,\"name\":\"Home\",\"item\":\"https:\/\/buzzperformance.com\/fr\/triathlon-fitness-et-entrainement-cycliste-dans-les-alpes-francaises\/\"},{\"@type\":\"ListItem\",\"position\":2,\"name\":\"Tours \u00e0 v\u00e9lo\"}]},{\"@type\":\"WebSite\",\"@id\":\"https:\/\/buzzperformance.com\/fr\/#website\",\"url\":\"https:\/\/buzzperformance.com\/fr\/\",\"name\":\"Buzz Performance\",\"description\":\"\",\"potentialAction\":[{\"@type\":\"SearchAction\",\"target\":{\"@type\":\"EntryPoint\",\"urlTemplate\":\"https:\/\/buzzperformance.com\/fr\/?s={search_term_string}\"},\"query-input\":{\"@type\":\"PropertyValueSpecification\",\"valueRequired\":true,\"valueName\":\"search_term_string\"}}],\"inLanguage\":\"fr-FR\"}]}<\/script>\n<!-- \/ Yoast SEO plugin. -->","yoast_head_json":{"title":"Tours \u00e0 v\u00e9lo - Buzz Performance","description":"Nos circuits \u00e0 v\u00e9lo sont un excellent moyen pour vous d'explorer de nouveaux endroits tout en faisant ce que vous aimez le plus, faire du v\u00e9lo.","robots":{"index":"index","follow":"follow","max-snippet":"max-snippet:-1","max-image-preview":"max-image-preview:large","max-video-preview":"max-video-preview:-1"},"canonical":"https:\/\/buzzperformance.com\/fr\/tours-a-velo\/","og_locale":"fr_FR","og_type":"article","og_title":"Tours \u00e0 v\u00e9lo - Buzz Performance","og_description":"Nos circuits \u00e0 v\u00e9lo sont un excellent moyen pour vous d'explorer de nouveaux endroits tout en faisant ce que vous aimez le plus, faire du v\u00e9lo.","og_url":"https:\/\/buzzperformance.com\/fr\/tours-a-velo\/","og_site_name":"Buzz Performance","article_modified_time":"2022-08-05T12:21:20+00:00","og_image":[{"width":1900,"height":1269,"url":"https:\/\/buzzperformance.com\/wp-content\/uploads\/2021\/02\/Buzz-Mallorca-bike-with-views.jpg","type":"image\/jpeg"}],"twitter_card":"summary_large_image","schema":{"@context":"https:\/\/schema.org","@graph":[{"@type":"WebPage","@id":"https:\/\/buzzperformance.com\/fr\/tours-a-velo\/","url":"https:\/\/buzzperformance.com\/fr\/tours-a-velo\/","name":"Tours \u00e0 v\u00e9lo - Buzz Performance","isPartOf":{"@id":"https:\/\/buzzperformance.com\/fr\/#website"},"primaryImageOfPage":{"@id":"https:\/\/buzzperformance.com\/fr\/tours-a-velo\/#primaryimage"},"image":{"@id":"https:\/\/buzzperformance.com\/fr\/tours-a-velo\/#primaryimage"},"thumbnailUrl":"https:\/\/buzzperformance.com\/wp-content\/uploads\/2021\/02\/Buzz-Mallorca-bike-with-views.jpg","datePublished":"2020-11-18T13:47:41+00:00","dateModified":"2022-08-05T12:21:20+00:00","description":"Nos circuits \u00e0 v\u00e9lo sont un excellent moyen pour vous d'explorer de nouveaux endroits tout en faisant ce que vous aimez le plus, faire du v\u00e9lo.","breadcrumb":{"@id":"https:\/\/buzzperformance.com\/fr\/tours-a-velo\/#breadcrumb"},"inLanguage":"fr-FR","potentialAction":[{"@type":"ReadAction","target":["https:\/\/buzzperformance.com\/fr\/tours-a-velo\/"]}]},{"@type":"ImageObject","inLanguage":"fr-FR","@id":"https:\/\/buzzperformance.com\/fr\/tours-a-velo\/#primaryimage","url":"https:\/\/buzzperformance.com\/wp-content\/uploads\/2021\/02\/Buzz-Mallorca-bike-with-views.jpg","contentUrl":"https:\/\/buzzperformance.com\/wp-content\/uploads\/2021\/02\/Buzz-Mallorca-bike-with-views.jpg","width":1900,"height":1269},{"@type":"BreadcrumbList","@id":"https:\/\/buzzperformance.com\/fr\/tours-a-velo\/#breadcrumb","itemListElement":[{"@type":"ListItem","position":1,"name":"Home","item":"https:\/\/buzzperformance.com\/fr\/triathlon-fitness-et-entrainement-cycliste-dans-les-alpes-francaises\/"},{"@type":"ListItem","position":2,"name":"Tours \u00e0 v\u00e9lo"}]},{"@type":"WebSite","@id":"https:\/\/buzzperformance.com\/fr\/#website","url":"https:\/\/buzzperformance.com\/fr\/","name":"Buzz Performance","description":"","potentialAction":[{"@type":"SearchAction","target":{"@type":"EntryPoint","urlTemplate":"https:\/\/buzzperformance.com\/fr\/?s={search_term_string}"},"query-input":{"@type":"PropertyValueSpecification","valueRequired":true,"valueName":"search_term_string"}}],"inLanguage":"fr-FR"}]}},"_links":{"self":[{"href":"https:\/\/buzzperformance.com\/fr\/wp-json\/wp\/v2\/pages\/2258","targetHints":{"allow":["GET"]}}],"collection":[{"href":"https:\/\/buzzperformance.com\/fr\/wp-json\/wp\/v2\/pages"}],"about":[{"href":"https:\/\/buzzperformance.com\/fr\/wp-json\/wp\/v2\/types\/page"}],"author":[{"embeddable":true,"href":"https:\/\/buzzperformance.com\/fr\/wp-json\/wp\/v2\/users\/1"}],"replies":[{"embeddable":true,"href":"https:\/\/buzzperformance.com\/fr\/wp-json\/wp\/v2\/comments?post=2258"}],"version-history":[{"count":3,"href":"https:\/\/buzzperformance.com\/fr\/wp-json\/wp\/v2\/pages\/2258\/revisions"}],"predecessor-version":[{"id":2960,"href":"https:\/\/buzzperformance.com\/fr\/wp-json\/wp\/v2\/pages\/2258\/revisions\/2960"}],"wp:featuredmedia":[{"embeddable":true,"href":"https:\/\/buzzperformance.com\/fr\/wp-json\/wp\/v2\/media\/1874"}],"wp:attachment":[{"href":"https:\/\/buzzperformance.com\/fr\/wp-json\/wp\/v2\/media?parent=2258"}],"curies":[{"name":"wp","href":"https:\/\/api.w.org\/{rel}","templated":true}]}}