{"id":2266,"date":"2020-12-22T10:23:53","date_gmt":"2020-12-22T10:23:53","guid":{"rendered":"https:\/\/buzzperformance.com\/la-ruche\/"},"modified":"2025-12-08T11:10:59","modified_gmt":"2025-12-08T11:10:59","slug":"hive","status":"publish","type":"page","link":"https:\/\/buzzperformance.com\/fr\/hive\/","title":{"rendered":"L&#8217;Hive"},"content":{"rendered":"","protected":false},"excerpt":{"rendered":"","protected":false},"author":1,"featured_media":2187,"parent":0,"menu_order":0,"comment_status":"closed","ping_status":"closed","template":"","meta":{"footnotes":""},"class_list":["post-2266","page","type-page","status-publish","has-post-thumbnail","hentry"],"yoast_head":"<!-- This site is optimized with the Yoast SEO plugin v24.0 - https:\/\/yoast.com\/wordpress\/plugins\/seo\/ -->\n<title>L&#039;Hive - Buzz Performance - Centre de remise en forme \u00e0 Morzine<\/title>\n<meta name=\"description\" content=\"The Hive est un centre de remise en forme situ\u00e9 \u00e0 Morzine qui regroupe un ensemble de services de sant\u00e9, de remise en forme et de bien-\u00eatre.\" \/>\n<meta name=\"robots\" content=\"index, follow, max-snippet:-1, max-image-preview:large, max-video-preview:-1\" \/>\n<link rel=\"canonical\" href=\"https:\/\/buzzperformance.com\/fr\/hive\/\" \/>\n<meta property=\"og:locale\" content=\"fr_FR\" \/>\n<meta property=\"og:type\" content=\"article\" \/>\n<meta property=\"og:title\" content=\"L&#039;Hive - Buzz Performance - Centre de remise en forme \u00e0 Morzine\" \/>\n<meta property=\"og:description\" content=\"The Hive est un centre de remise en forme situ\u00e9 \u00e0 Morzine qui regroupe un ensemble de services de sant\u00e9, de remise en forme et de bien-\u00eatre.\" \/>\n<meta property=\"og:url\" content=\"https:\/\/buzzperformance.com\/fr\/hive\/\" \/>\n<meta property=\"og:site_name\" content=\"Buzz Performance\" \/>\n<meta property=\"article:modified_time\" content=\"2025-12-08T11:10:59+00:00\" \/>\n<meta property=\"og:image\" content=\"https:\/\/buzzperformance.com\/wp-content\/uploads\/2021\/04\/IMG_8401-scaled-e1618510772681.jpeg\" \/>\n\t<meta property=\"og:image:width\" content=\"2048\" \/>\n\t<meta property=\"og:image:height\" content=\"1215\" \/>\n\t<meta property=\"og:image:type\" content=\"image\/jpeg\" \/>\n<meta name=\"twitter:card\" content=\"summary_large_image\" \/>\n<script type=\"application\/ld+json\" class=\"yoast-schema-graph\">{\"@context\":\"https:\/\/schema.org\",\"@graph\":[{\"@type\":\"WebPage\",\"@id\":\"https:\/\/buzzperformance.com\/fr\/hive\/\",\"url\":\"https:\/\/buzzperformance.com\/fr\/hive\/\",\"name\":\"L'Hive - Buzz Performance - Centre de remise en forme \u00e0 Morzine\",\"isPartOf\":{\"@id\":\"https:\/\/buzzperformance.com\/fr\/#website\"},\"primaryImageOfPage\":{\"@id\":\"https:\/\/buzzperformance.com\/fr\/hive\/#primaryimage\"},\"image\":{\"@id\":\"https:\/\/buzzperformance.com\/fr\/hive\/#primaryimage\"},\"thumbnailUrl\":\"https:\/\/buzzperformance.com\/wp-content\/uploads\/2021\/04\/IMG_8401-scaled-e1618510772681.jpeg\",\"datePublished\":\"2020-12-22T10:23:53+00:00\",\"dateModified\":\"2025-12-08T11:10:59+00:00\",\"description\":\"The Hive est un centre de remise en forme situ\u00e9 \u00e0 Morzine qui regroupe un ensemble de services de sant\u00e9, de remise en forme et de bien-\u00eatre.\",\"breadcrumb\":{\"@id\":\"https:\/\/buzzperformance.com\/fr\/hive\/#breadcrumb\"},\"inLanguage\":\"fr-FR\",\"potentialAction\":[{\"@type\":\"ReadAction\",\"target\":[\"https:\/\/buzzperformance.com\/fr\/hive\/\"]}]},{\"@type\":\"ImageObject\",\"inLanguage\":\"fr-FR\",\"@id\":\"https:\/\/buzzperformance.com\/fr\/hive\/#primaryimage\",\"url\":\"https:\/\/buzzperformance.com\/wp-content\/uploads\/2021\/04\/IMG_8401-scaled-e1618510772681.jpeg\",\"contentUrl\":\"https:\/\/buzzperformance.com\/wp-content\/uploads\/2021\/04\/IMG_8401-scaled-e1618510772681.jpeg\",\"width\":2048,\"height\":1215},{\"@type\":\"BreadcrumbList\",\"@id\":\"https:\/\/buzzperformance.com\/fr\/hive\/#breadcrumb\",\"itemListElement\":[{\"@type\":\"ListItem\",\"position\":1,\"name\":\"Home\",\"item\":\"https:\/\/buzzperformance.com\/fr\/triathlon-fitness-et-entrainement-cycliste-dans-les-alpes-francaises\/\"},{\"@type\":\"ListItem\",\"position\":2,\"name\":\"L&#8217;Hive\"}]},{\"@type\":\"WebSite\",\"@id\":\"https:\/\/buzzperformance.com\/fr\/#website\",\"url\":\"https:\/\/buzzperformance.com\/fr\/\",\"name\":\"Buzz Performance\",\"description\":\"\",\"potentialAction\":[{\"@type\":\"SearchAction\",\"target\":{\"@type\":\"EntryPoint\",\"urlTemplate\":\"https:\/\/buzzperformance.com\/fr\/?s={search_term_string}\"},\"query-input\":{\"@type\":\"PropertyValueSpecification\",\"valueRequired\":true,\"valueName\":\"search_term_string\"}}],\"inLanguage\":\"fr-FR\"}]}<\/script>\n<!-- \/ Yoast SEO plugin. -->","yoast_head_json":{"title":"L'Hive - Buzz Performance - Centre de remise en forme \u00e0 Morzine","description":"The Hive est un centre de remise en forme situ\u00e9 \u00e0 Morzine qui regroupe un ensemble de services de sant\u00e9, de remise en forme et de bien-\u00eatre.","robots":{"index":"index","follow":"follow","max-snippet":"max-snippet:-1","max-image-preview":"max-image-preview:large","max-video-preview":"max-video-preview:-1"},"canonical":"https:\/\/buzzperformance.com\/fr\/hive\/","og_locale":"fr_FR","og_type":"article","og_title":"L'Hive - Buzz Performance - Centre de remise en forme \u00e0 Morzine","og_description":"The Hive est un centre de remise en forme situ\u00e9 \u00e0 Morzine qui regroupe un ensemble de services de sant\u00e9, de remise en forme et de bien-\u00eatre.","og_url":"https:\/\/buzzperformance.com\/fr\/hive\/","og_site_name":"Buzz Performance","article_modified_time":"2025-12-08T11:10:59+00:00","og_image":[{"width":2048,"height":1215,"url":"https:\/\/buzzperformance.com\/wp-content\/uploads\/2021\/04\/IMG_8401-scaled-e1618510772681.jpeg","type":"image\/jpeg"}],"twitter_card":"summary_large_image","schema":{"@context":"https:\/\/schema.org","@graph":[{"@type":"WebPage","@id":"https:\/\/buzzperformance.com\/fr\/hive\/","url":"https:\/\/buzzperformance.com\/fr\/hive\/","name":"L'Hive - Buzz Performance - Centre de remise en forme \u00e0 Morzine","isPartOf":{"@id":"https:\/\/buzzperformance.com\/fr\/#website"},"primaryImageOfPage":{"@id":"https:\/\/buzzperformance.com\/fr\/hive\/#primaryimage"},"image":{"@id":"https:\/\/buzzperformance.com\/fr\/hive\/#primaryimage"},"thumbnailUrl":"https:\/\/buzzperformance.com\/wp-content\/uploads\/2021\/04\/IMG_8401-scaled-e1618510772681.jpeg","datePublished":"2020-12-22T10:23:53+00:00","dateModified":"2025-12-08T11:10:59+00:00","description":"The Hive est un centre de remise en forme situ\u00e9 \u00e0 Morzine qui regroupe un ensemble de services de sant\u00e9, de remise en forme et de bien-\u00eatre.","breadcrumb":{"@id":"https:\/\/buzzperformance.com\/fr\/hive\/#breadcrumb"},"inLanguage":"fr-FR","potentialAction":[{"@type":"ReadAction","target":["https:\/\/buzzperformance.com\/fr\/hive\/"]}]},{"@type":"ImageObject","inLanguage":"fr-FR","@id":"https:\/\/buzzperformance.com\/fr\/hive\/#primaryimage","url":"https:\/\/buzzperformance.com\/wp-content\/uploads\/2021\/04\/IMG_8401-scaled-e1618510772681.jpeg","contentUrl":"https:\/\/buzzperformance.com\/wp-content\/uploads\/2021\/04\/IMG_8401-scaled-e1618510772681.jpeg","width":2048,"height":1215},{"@type":"BreadcrumbList","@id":"https:\/\/buzzperformance.com\/fr\/hive\/#breadcrumb","itemListElement":[{"@type":"ListItem","position":1,"name":"Home","item":"https:\/\/buzzperformance.com\/fr\/triathlon-fitness-et-entrainement-cycliste-dans-les-alpes-francaises\/"},{"@type":"ListItem","position":2,"name":"L&#8217;Hive"}]},{"@type":"WebSite","@id":"https:\/\/buzzperformance.com\/fr\/#website","url":"https:\/\/buzzperformance.com\/fr\/","name":"Buzz Performance","description":"","potentialAction":[{"@type":"SearchAction","target":{"@type":"EntryPoint","urlTemplate":"https:\/\/buzzperformance.com\/fr\/?s={search_term_string}"},"query-input":{"@type":"PropertyValueSpecification","valueRequired":true,"valueName":"search_term_string"}}],"inLanguage":"fr-FR"}]}},"_links":{"self":[{"href":"https:\/\/buzzperformance.com\/fr\/wp-json\/wp\/v2\/pages\/2266","targetHints":{"allow":["GET"]}}],"collection":[{"href":"https:\/\/buzzperformance.com\/fr\/wp-json\/wp\/v2\/pages"}],"about":[{"href":"https:\/\/buzzperformance.com\/fr\/wp-json\/wp\/v2\/types\/page"}],"author":[{"embeddable":true,"href":"https:\/\/buzzperformance.com\/fr\/wp-json\/wp\/v2\/users\/1"}],"replies":[{"embeddable":true,"href":"https:\/\/buzzperformance.com\/fr\/wp-json\/wp\/v2\/comments?post=2266"}],"version-history":[{"count":4,"href":"https:\/\/buzzperformance.com\/fr\/wp-json\/wp\/v2\/pages\/2266\/revisions"}],"predecessor-version":[{"id":2569,"href":"https:\/\/buzzperformance.com\/fr\/wp-json\/wp\/v2\/pages\/2266\/revisions\/2569"}],"wp:featuredmedia":[{"embeddable":true,"href":"https:\/\/buzzperformance.com\/fr\/wp-json\/wp\/v2\/media\/2187"}],"wp:attachment":[{"href":"https:\/\/buzzperformance.com\/fr\/wp-json\/wp\/v2\/media?parent=2266"}],"curies":[{"name":"wp","href":"https:\/\/api.w.org\/{rel}","templated":true}]}}