{"id":2269,"date":"2021-03-04T09:46:45","date_gmt":"2021-03-04T09:46:45","guid":{"rendered":"https:\/\/buzzperformance.com\/camps-et-excursions\/"},"modified":"2025-11-28T17:03:18","modified_gmt":"2025-11-28T17:03:18","slug":"camps-et-excursions","status":"publish","type":"page","link":"https:\/\/buzzperformance.com\/fr\/camps-et-excursions\/","title":{"rendered":"Camps et excursions"},"content":{"rendered":"","protected":false},"excerpt":{"rendered":"","protected":false},"author":1,"featured_media":1823,"parent":0,"menu_order":0,"comment_status":"closed","ping_status":"closed","template":"templates\/template-overview.php","meta":{"footnotes":""},"class_list":["post-2269","page","type-page","status-publish","has-post-thumbnail","hentry"],"yoast_head":"<!-- This site is optimized with the Yoast SEO plugin v24.0 - https:\/\/yoast.com\/wordpress\/plugins\/seo\/ -->\n<title>Camps et excursions - Un Buzz Performanceconvivial et stimulant -<\/title>\n<meta name=\"description\" content=\"Camps et visites pour tous les niveaux. Qu&#039;il s&#039;agisse d&#039;excursions de plusieurs jours ou de camps destin\u00e9s \u00e0 acqu\u00e9rir de l&#039;exp\u00e9rience et \u00e0 am\u00e9liorer les performances, nous avons quelque chose \u00e0 vous proposer.\" \/>\n<meta name=\"robots\" content=\"index, follow, max-snippet:-1, max-image-preview:large, max-video-preview:-1\" \/>\n<link rel=\"canonical\" href=\"https:\/\/buzzperformance.com\/fr\/camps-et-excursions\/\" \/>\n<meta property=\"og:locale\" content=\"fr_FR\" \/>\n<meta property=\"og:type\" content=\"article\" \/>\n<meta property=\"og:title\" content=\"Camps et excursions - Un Buzz Performanceconvivial et stimulant -\" \/>\n<meta property=\"og:description\" content=\"Camps et visites pour tous les niveaux. Qu&#039;il s&#039;agisse d&#039;excursions de plusieurs jours ou de camps destin\u00e9s \u00e0 acqu\u00e9rir de l&#039;exp\u00e9rience et \u00e0 am\u00e9liorer les performances, nous avons quelque chose \u00e0 vous proposer.\" \/>\n<meta property=\"og:url\" content=\"https:\/\/buzzperformance.com\/fr\/camps-et-excursions\/\" \/>\n<meta property=\"og:site_name\" content=\"Buzz Performance\" \/>\n<meta property=\"article:modified_time\" content=\"2025-11-28T17:03:18+00:00\" \/>\n<meta property=\"og:image\" content=\"https:\/\/buzzperformance.com\/wp-content\/uploads\/2021\/02\/Buzz-TDMB-July-2020-group-mt-blanc-line.jpg\" \/>\n\t<meta property=\"og:image:width\" content=\"1900\" \/>\n\t<meta property=\"og:image:height\" content=\"1267\" \/>\n\t<meta property=\"og:image:type\" content=\"image\/jpeg\" \/>\n<meta name=\"twitter:card\" content=\"summary_large_image\" \/>\n<script type=\"application\/ld+json\" class=\"yoast-schema-graph\">{\"@context\":\"https:\/\/schema.org\",\"@graph\":[{\"@type\":\"WebPage\",\"@id\":\"https:\/\/buzzperformance.com\/fr\/camps-et-excursions\/\",\"url\":\"https:\/\/buzzperformance.com\/fr\/camps-et-excursions\/\",\"name\":\"Camps et excursions - Un Buzz Performanceconvivial et stimulant -\",\"isPartOf\":{\"@id\":\"https:\/\/buzzperformance.com\/fr\/#website\"},\"primaryImageOfPage\":{\"@id\":\"https:\/\/buzzperformance.com\/fr\/camps-et-excursions\/#primaryimage\"},\"image\":{\"@id\":\"https:\/\/buzzperformance.com\/fr\/camps-et-excursions\/#primaryimage\"},\"thumbnailUrl\":\"https:\/\/buzzperformance.com\/wp-content\/uploads\/2021\/02\/Buzz-TDMB-July-2020-group-mt-blanc-line.jpg\",\"datePublished\":\"2021-03-04T09:46:45+00:00\",\"dateModified\":\"2025-11-28T17:03:18+00:00\",\"description\":\"Camps et visites pour tous les niveaux. Qu'il s'agisse d'excursions de plusieurs jours ou de camps destin\u00e9s \u00e0 acqu\u00e9rir de l'exp\u00e9rience et \u00e0 am\u00e9liorer les performances, nous avons quelque chose \u00e0 vous proposer.\",\"breadcrumb\":{\"@id\":\"https:\/\/buzzperformance.com\/fr\/camps-et-excursions\/#breadcrumb\"},\"inLanguage\":\"fr-FR\",\"potentialAction\":[{\"@type\":\"ReadAction\",\"target\":[\"https:\/\/buzzperformance.com\/fr\/camps-et-excursions\/\"]}]},{\"@type\":\"ImageObject\",\"inLanguage\":\"fr-FR\",\"@id\":\"https:\/\/buzzperformance.com\/fr\/camps-et-excursions\/#primaryimage\",\"url\":\"https:\/\/buzzperformance.com\/wp-content\/uploads\/2021\/02\/Buzz-TDMB-July-2020-group-mt-blanc-line.jpg\",\"contentUrl\":\"https:\/\/buzzperformance.com\/wp-content\/uploads\/2021\/02\/Buzz-TDMB-July-2020-group-mt-blanc-line.jpg\",\"width\":1900,\"height\":1267},{\"@type\":\"BreadcrumbList\",\"@id\":\"https:\/\/buzzperformance.com\/fr\/camps-et-excursions\/#breadcrumb\",\"itemListElement\":[{\"@type\":\"ListItem\",\"position\":1,\"name\":\"Home\",\"item\":\"https:\/\/buzzperformance.com\/fr\/triathlon-fitness-et-entrainement-cycliste-dans-les-alpes-francaises\/\"},{\"@type\":\"ListItem\",\"position\":2,\"name\":\"Camps et excursions\"}]},{\"@type\":\"WebSite\",\"@id\":\"https:\/\/buzzperformance.com\/fr\/#website\",\"url\":\"https:\/\/buzzperformance.com\/fr\/\",\"name\":\"Buzz Performance\",\"description\":\"\",\"potentialAction\":[{\"@type\":\"SearchAction\",\"target\":{\"@type\":\"EntryPoint\",\"urlTemplate\":\"https:\/\/buzzperformance.com\/fr\/?s={search_term_string}\"},\"query-input\":{\"@type\":\"PropertyValueSpecification\",\"valueRequired\":true,\"valueName\":\"search_term_string\"}}],\"inLanguage\":\"fr-FR\"}]}<\/script>\n<!-- \/ Yoast SEO plugin. -->","yoast_head_json":{"title":"Camps et excursions - Un Buzz Performanceconvivial et stimulant -","description":"Camps et visites pour tous les niveaux. Qu'il s'agisse d'excursions de plusieurs jours ou de camps destin\u00e9s \u00e0 acqu\u00e9rir de l'exp\u00e9rience et \u00e0 am\u00e9liorer les performances, nous avons quelque chose \u00e0 vous proposer.","robots":{"index":"index","follow":"follow","max-snippet":"max-snippet:-1","max-image-preview":"max-image-preview:large","max-video-preview":"max-video-preview:-1"},"canonical":"https:\/\/buzzperformance.com\/fr\/camps-et-excursions\/","og_locale":"fr_FR","og_type":"article","og_title":"Camps et excursions - Un Buzz Performanceconvivial et stimulant -","og_description":"Camps et visites pour tous les niveaux. Qu'il s'agisse d'excursions de plusieurs jours ou de camps destin\u00e9s \u00e0 acqu\u00e9rir de l'exp\u00e9rience et \u00e0 am\u00e9liorer les performances, nous avons quelque chose \u00e0 vous proposer.","og_url":"https:\/\/buzzperformance.com\/fr\/camps-et-excursions\/","og_site_name":"Buzz Performance","article_modified_time":"2025-11-28T17:03:18+00:00","og_image":[{"width":1900,"height":1267,"url":"https:\/\/buzzperformance.com\/wp-content\/uploads\/2021\/02\/Buzz-TDMB-July-2020-group-mt-blanc-line.jpg","type":"image\/jpeg"}],"twitter_card":"summary_large_image","schema":{"@context":"https:\/\/schema.org","@graph":[{"@type":"WebPage","@id":"https:\/\/buzzperformance.com\/fr\/camps-et-excursions\/","url":"https:\/\/buzzperformance.com\/fr\/camps-et-excursions\/","name":"Camps et excursions - Un Buzz Performanceconvivial et stimulant -","isPartOf":{"@id":"https:\/\/buzzperformance.com\/fr\/#website"},"primaryImageOfPage":{"@id":"https:\/\/buzzperformance.com\/fr\/camps-et-excursions\/#primaryimage"},"image":{"@id":"https:\/\/buzzperformance.com\/fr\/camps-et-excursions\/#primaryimage"},"thumbnailUrl":"https:\/\/buzzperformance.com\/wp-content\/uploads\/2021\/02\/Buzz-TDMB-July-2020-group-mt-blanc-line.jpg","datePublished":"2021-03-04T09:46:45+00:00","dateModified":"2025-11-28T17:03:18+00:00","description":"Camps et visites pour tous les niveaux. Qu'il s'agisse d'excursions de plusieurs jours ou de camps destin\u00e9s \u00e0 acqu\u00e9rir de l'exp\u00e9rience et \u00e0 am\u00e9liorer les performances, nous avons quelque chose \u00e0 vous proposer.","breadcrumb":{"@id":"https:\/\/buzzperformance.com\/fr\/camps-et-excursions\/#breadcrumb"},"inLanguage":"fr-FR","potentialAction":[{"@type":"ReadAction","target":["https:\/\/buzzperformance.com\/fr\/camps-et-excursions\/"]}]},{"@type":"ImageObject","inLanguage":"fr-FR","@id":"https:\/\/buzzperformance.com\/fr\/camps-et-excursions\/#primaryimage","url":"https:\/\/buzzperformance.com\/wp-content\/uploads\/2021\/02\/Buzz-TDMB-July-2020-group-mt-blanc-line.jpg","contentUrl":"https:\/\/buzzperformance.com\/wp-content\/uploads\/2021\/02\/Buzz-TDMB-July-2020-group-mt-blanc-line.jpg","width":1900,"height":1267},{"@type":"BreadcrumbList","@id":"https:\/\/buzzperformance.com\/fr\/camps-et-excursions\/#breadcrumb","itemListElement":[{"@type":"ListItem","position":1,"name":"Home","item":"https:\/\/buzzperformance.com\/fr\/triathlon-fitness-et-entrainement-cycliste-dans-les-alpes-francaises\/"},{"@type":"ListItem","position":2,"name":"Camps et excursions"}]},{"@type":"WebSite","@id":"https:\/\/buzzperformance.com\/fr\/#website","url":"https:\/\/buzzperformance.com\/fr\/","name":"Buzz Performance","description":"","potentialAction":[{"@type":"SearchAction","target":{"@type":"EntryPoint","urlTemplate":"https:\/\/buzzperformance.com\/fr\/?s={search_term_string}"},"query-input":{"@type":"PropertyValueSpecification","valueRequired":true,"valueName":"search_term_string"}}],"inLanguage":"fr-FR"}]}},"_links":{"self":[{"href":"https:\/\/buzzperformance.com\/fr\/wp-json\/wp\/v2\/pages\/2269","targetHints":{"allow":["GET"]}}],"collection":[{"href":"https:\/\/buzzperformance.com\/fr\/wp-json\/wp\/v2\/pages"}],"about":[{"href":"https:\/\/buzzperformance.com\/fr\/wp-json\/wp\/v2\/types\/page"}],"author":[{"embeddable":true,"href":"https:\/\/buzzperformance.com\/fr\/wp-json\/wp\/v2\/users\/1"}],"replies":[{"embeddable":true,"href":"https:\/\/buzzperformance.com\/fr\/wp-json\/wp\/v2\/comments?post=2269"}],"version-history":[{"count":1,"href":"https:\/\/buzzperformance.com\/fr\/wp-json\/wp\/v2\/pages\/2269\/revisions"}],"predecessor-version":[{"id":2297,"href":"https:\/\/buzzperformance.com\/fr\/wp-json\/wp\/v2\/pages\/2269\/revisions\/2297"}],"wp:featuredmedia":[{"embeddable":true,"href":"https:\/\/buzzperformance.com\/fr\/wp-json\/wp\/v2\/media\/1823"}],"wp:attachment":[{"href":"https:\/\/buzzperformance.com\/fr\/wp-json\/wp\/v2\/media?parent=2269"}],"curies":[{"name":"wp","href":"https:\/\/api.w.org\/{rel}","templated":true}]}}